{"id":588,"date":"2023-07-19T15:45:53","date_gmt":"2023-07-19T13:45:53","guid":{"rendered":"http:\/\/groupebennaniinvest.ma\/?page_id=588"},"modified":"2023-07-26T18:57:07","modified_gmt":"2023-07-26T16:57:07","slug":"bouznika-bay","status":"publish","type":"page","link":"https:\/\/groupebennaniinvest.ma\/index.php\/bouznika-bay\/","title":{"rendered":"Bouznika Bay"},"content":{"rendered":"\t\t<div data-elementor-type=\"wp-page\" data-elementor-id=\"588\" class=\"elementor elementor-588\">\n\t\t\t\t\t\t<section class=\"elementor-section elementor-top-section elementor-element elementor-element-e5096f5 elementor-section-height-min-height elementor-section-items-bottom elementor-section-boxed elementor-section-height-default wpr-particle-no wpr-jarallax-no wpr-parallax-no wpr-sticky-section-no\" data-id=\"e5096f5\" data-element_type=\"section\" data-e-type=\"section\" data-settings=\"{&quot;background_background&quot;:&quot;classic&quot;}\">\n\t\t\t\t\t\t\t<div class=\"elementor-background-overlay\"><\/div>\n\t\t\t\t\t\t\t<div class=\"elementor-container elementor-column-gap-no\">\n\t\t\t\t\t<div class=\"elementor-column elementor-col-100 elementor-top-column elementor-element elementor-element-400d41d\" data-id=\"400d41d\" data-element_type=\"column\" data-e-type=\"column\">\n\t\t\t<div class=\"elementor-widget-wrap elementor-element-populated\">\n\t\t\t\t\t\t<div class=\"elementor-element elementor-element-eed93c9 elementor-widget elementor-widget-heading\" data-id=\"eed93c9\" data-element_type=\"widget\" data-e-type=\"widget\" data-widget_type=\"heading.default\">\n\t\t\t\t<div class=\"elementor-widget-container\">\n\t\t\t\t\t<h1 class=\"elementor-heading-title elementor-size-default\">Bouznika bay<\/h1>\t\t\t\t<\/div>\n\t\t\t\t<\/div>\n\t\t\t\t<div class=\"elementor-element elementor-element-6fa4738 elementor-widget-divider--view-line elementor-widget elementor-widget-divider\" data-id=\"6fa4738\" data-element_type=\"widget\" data-e-type=\"widget\" data-widget_type=\"divider.default\">\n\t\t\t\t<div class=\"elementor-widget-container\">\n\t\t\t\t\t\t\t<div class=\"elementor-divider\">\n\t\t\t<span class=\"elementor-divider-separator\">\n\t\t\t\t\t\t<\/span>\n\t\t<\/div>\n\t\t\t\t\t\t<\/div>\n\t\t\t\t<\/div>\n\t\t\t\t\t<\/div>\n\t\t<\/div>\n\t\t\t\t\t<\/div>\n\t\t<\/section>\n\t\t\t\t<section class=\"elementor-section elementor-top-section elementor-element elementor-element-1021632 elementor-section-full_width elementor-section-height-default elementor-section-height-default wpr-particle-no wpr-jarallax-no wpr-parallax-no wpr-sticky-section-no\" data-id=\"1021632\" data-element_type=\"section\" data-e-type=\"section\" data-settings=\"{&quot;background_background&quot;:&quot;classic&quot;}\">\n\t\t\t\t\t\t<div class=\"elementor-container elementor-column-gap-no\">\n\t\t\t\t\t<div class=\"elementor-column elementor-col-100 elementor-top-column elementor-element elementor-element-952eb4d\" data-id=\"952eb4d\" data-element_type=\"column\" data-e-type=\"column\">\n\t\t\t<div class=\"elementor-widget-wrap elementor-element-populated\">\n\t\t\t\t\t\t<section class=\"elementor-section elementor-inner-section elementor-element elementor-element-c3652e8 elementor-section-boxed elementor-section-height-default elementor-section-height-default wpr-particle-no wpr-jarallax-no wpr-parallax-no wpr-sticky-section-no\" data-id=\"c3652e8\" data-element_type=\"section\" data-e-type=\"section\">\n\t\t\t\t\t\t<div class=\"elementor-container elementor-column-gap-no\">\n\t\t\t\t\t<div class=\"elementor-column elementor-col-50 elementor-inner-column elementor-element elementor-element-120ea08\" data-id=\"120ea08\" data-element_type=\"column\" data-e-type=\"column\">\n\t\t\t<div class=\"elementor-widget-wrap elementor-element-populated\">\n\t\t\t\t\t\t<div class=\"elementor-element elementor-element-2e2fb5f elementor-widget elementor-widget-image\" data-id=\"2e2fb5f\" data-element_type=\"widget\" data-e-type=\"widget\" data-widget_type=\"image.default\">\n\t\t\t\t<div class=\"elementor-widget-container\">\n\t\t\t\t\t\t\t\t\t\t\t\t\t\t\t<img fetchpriority=\"high\" decoding=\"async\" width=\"1000\" height=\"1000\" src=\"https:\/\/groupebennaniinvest.ma\/wp-content\/uploads\/2023\/07\/bouznika-bay.png\" class=\"attachment-full size-full wp-image-1229\" alt=\"\" srcset=\"https:\/\/groupebennaniinvest.ma\/wp-content\/uploads\/2023\/07\/bouznika-bay.png 1000w, https:\/\/groupebennaniinvest.ma\/wp-content\/uploads\/2023\/07\/bouznika-bay-300x300.png 300w, https:\/\/groupebennaniinvest.ma\/wp-content\/uploads\/2023\/07\/bouznika-bay-150x150.png 150w, https:\/\/groupebennaniinvest.ma\/wp-content\/uploads\/2023\/07\/bouznika-bay-768x768.png 768w\" sizes=\"(max-width: 1000px) 100vw, 1000px\" style=\"width:100%;height:100%;max-width:1000px\" \/>\t\t\t\t\t\t\t\t\t\t\t\t\t\t\t<\/div>\n\t\t\t\t<\/div>\n\t\t\t\t\t<\/div>\n\t\t<\/div>\n\t\t\t\t<div class=\"elementor-column elementor-col-50 elementor-inner-column elementor-element elementor-element-3408a41\" data-id=\"3408a41\" data-element_type=\"column\" data-e-type=\"column\">\n\t\t\t<div class=\"elementor-widget-wrap elementor-element-populated\">\n\t\t\t\t\t\t<div class=\"elementor-element elementor-element-3280885 elementor-widget elementor-widget-heading\" data-id=\"3280885\" data-element_type=\"widget\" data-e-type=\"widget\" data-widget_type=\"heading.default\">\n\t\t\t\t<div class=\"elementor-widget-container\">\n\t\t\t\t\t<h2 class=\"elementor-heading-title elementor-size-default\">Bouznika bay<\/h2>\t\t\t\t<\/div>\n\t\t\t\t<\/div>\n\t\t\t\t<div class=\"elementor-element elementor-element-dc1087b elementor-widget elementor-widget-text-editor\" data-id=\"dc1087b\" data-element_type=\"widget\" data-e-type=\"widget\" data-widget_type=\"text-editor.default\">\n\t\t\t\t<div class=\"elementor-widget-container\">\n\t\t\t\t\t\t\t\t\t<p>D\u00e9couvrez Bouznika Bay, une destination d&#8217;exception nich\u00e9e entre terre et mer, o\u00f9 s&#8217;\u00e9panouissent deux projets d&#8217;exception : les <strong><a href=\"http:\/\/groupebennaniinvest.ma\/index.php\/hameaux-du-golf\/\">Hameaux du Golf<\/a><\/strong> et <a href=\"http:\/\/groupebennaniinvest.ma\/index.php\/bouznika-bay-country-club\/\"><strong>Bouznika Country Club<\/strong><\/a>. Id\u00e9alement situ\u00e9s en face du prestigieux golf et \u00e0 seulement 5 minutes des plages de Bouznika, ces r\u00e9sidences vous offrent un cadre de vie privil\u00e9gi\u00e9 au c\u0153ur d&#8217;un environnement naturel pr\u00e9serv\u00e9.<\/p>\t\t\t\t\t\t\t\t<\/div>\n\t\t\t\t<\/div>\n\t\t\t\t\t<\/div>\n\t\t<\/div>\n\t\t\t\t\t<\/div>\n\t\t<\/section>\n\t\t\t\t\t<\/div>\n\t\t<\/div>\n\t\t\t\t\t<\/div>\n\t\t<\/section>\n\t\t\t\t<\/div>\n\t\t","protected":false},"excerpt":{"rendered":"<p>Bouznika bay Bouznika bay D\u00e9couvrez Bouznika Bay, une destination d&#8217;exception nich\u00e9e entre terre et mer, o\u00f9 s&#8217;\u00e9panouissent deux projets d&#8217;exception : les Hameaux du Golf et Bouznika Country Club. Id\u00e9alement situ\u00e9s en face du prestigieux golf et \u00e0 seulement 5 minutes des plages de Bouznika, ces r\u00e9sidences vous offrent un cadre de vie privil\u00e9gi\u00e9 au c\u0153ur d&#8217;un environnement naturel pr\u00e9serv\u00e9.<\/p>\n","protected":false},"author":1,"featured_media":0,"parent":0,"menu_order":0,"comment_status":"closed","ping_status":"closed","template":"elementor_header_footer","meta":{"_uag_custom_page_level_css":"","footnotes":""},"class_list":["post-588","page","type-page","status-publish","hentry","entry"],"yoast_head":"<!-- This site is optimized with the Yoast SEO Premium plugin v21.4 (Yoast SEO v27.1.1) - https:\/\/yoast.com\/product\/yoast-seo-premium-wordpress\/ -->\n<title>Bouznika Bay - GBI<\/title>\n<meta name=\"robots\" content=\"index, follow, max-snippet:-1, max-image-preview:large, max-video-preview:-1\" \/>\n<link rel=\"canonical\" href=\"http:\/\/groupebennaniinvest.ma\/index.php\/bouznika-bay\/\" \/>\n<meta property=\"og:locale\" content=\"fr_FR\" \/>\n<meta property=\"og:type\" content=\"article\" \/>\n<meta property=\"og:title\" content=\"Bouznika Bay\" \/>\n<meta property=\"og:description\" content=\"Bouznika bay Bouznika bay D\u00e9couvrez Bouznika Bay, une destination d&#8217;exception nich\u00e9e entre terre et mer, o\u00f9 s&#8217;\u00e9panouissent deux projets d&#8217;exception : les Hameaux du Golf et Bouznika Country Club. Id\u00e9alement situ\u00e9s en face du prestigieux golf et \u00e0 seulement 5 minutes des plages de Bouznika, ces r\u00e9sidences vous offrent un cadre de vie privil\u00e9gi\u00e9 au c\u0153ur d&#8217;un environnement naturel pr\u00e9serv\u00e9.\" \/>\n<meta property=\"og:url\" content=\"http:\/\/groupebennaniinvest.ma\/index.php\/bouznika-bay\/\" \/>\n<meta property=\"og:site_name\" content=\"GBI\" \/>\n<meta property=\"article:publisher\" content=\"https:\/\/web.facebook.com\/\" \/>\n<meta property=\"article:modified_time\" content=\"2023-07-26T16:57:07+00:00\" \/>\n<meta property=\"og:image\" content=\"http:\/\/groupebennaniinvest.ma\/wp-content\/uploads\/2023\/07\/bouznika-bay.png\" \/>\n<meta name=\"twitter:card\" content=\"summary_large_image\" \/>\n<script type=\"application\/ld+json\" class=\"yoast-schema-graph\">{\"@context\":\"https:\/\/schema.org\",\"@graph\":[{\"@type\":\"WebPage\",\"@id\":\"http:\/\/groupebennaniinvest.ma\/index.php\/bouznika-bay\/\",\"url\":\"http:\/\/groupebennaniinvest.ma\/index.php\/bouznika-bay\/\",\"name\":\"Bouznika Bay - GBI\",\"isPartOf\":{\"@id\":\"https:\/\/groupebennaniinvest.ma\/#website\"},\"primaryImageOfPage\":{\"@id\":\"http:\/\/groupebennaniinvest.ma\/index.php\/bouznika-bay\/#primaryimage\"},\"image\":{\"@id\":\"http:\/\/groupebennaniinvest.ma\/index.php\/bouznika-bay\/#primaryimage\"},\"thumbnailUrl\":\"http:\/\/groupebennaniinvest.ma\/wp-content\/uploads\/2023\/07\/bouznika-bay.png\",\"datePublished\":\"2023-07-19T13:45:53+00:00\",\"dateModified\":\"2023-07-26T16:57:07+00:00\",\"breadcrumb\":{\"@id\":\"http:\/\/groupebennaniinvest.ma\/index.php\/bouznika-bay\/#breadcrumb\"},\"inLanguage\":\"fr-FR\",\"potentialAction\":[{\"@type\":\"ReadAction\",\"target\":[\"http:\/\/groupebennaniinvest.ma\/index.php\/bouznika-bay\/\"]}]},{\"@type\":\"ImageObject\",\"inLanguage\":\"fr-FR\",\"@id\":\"http:\/\/groupebennaniinvest.ma\/index.php\/bouznika-bay\/#primaryimage\",\"url\":\"https:\/\/groupebennaniinvest.ma\/wp-content\/uploads\/2023\/07\/bouznika-bay.png\",\"contentUrl\":\"https:\/\/groupebennaniinvest.ma\/wp-content\/uploads\/2023\/07\/bouznika-bay.png\",\"width\":1000,\"height\":1000},{\"@type\":\"BreadcrumbList\",\"@id\":\"http:\/\/groupebennaniinvest.ma\/index.php\/bouznika-bay\/#breadcrumb\",\"itemListElement\":[{\"@type\":\"ListItem\",\"position\":1,\"name\":\"Accueil\",\"item\":\"https:\/\/groupebennaniinvest.ma\/\"},{\"@type\":\"ListItem\",\"position\":2,\"name\":\"Bouznika Bay\"}]},{\"@type\":\"WebSite\",\"@id\":\"https:\/\/groupebennaniinvest.ma\/#website\",\"url\":\"https:\/\/groupebennaniinvest.ma\/\",\"name\":\"Groupe Bennani Invest\",\"description\":\"\",\"publisher\":{\"@id\":\"https:\/\/groupebennaniinvest.ma\/#organization\"},\"potentialAction\":[{\"@type\":\"SearchAction\",\"target\":{\"@type\":\"EntryPoint\",\"urlTemplate\":\"https:\/\/groupebennaniinvest.ma\/?s={search_term_string}\"},\"query-input\":{\"@type\":\"PropertyValueSpecification\",\"valueRequired\":true,\"valueName\":\"search_term_string\"}}],\"inLanguage\":\"fr-FR\"},{\"@type\":\"Organization\",\"@id\":\"https:\/\/groupebennaniinvest.ma\/#organization\",\"name\":\"Groupe Bennani Invest\",\"url\":\"https:\/\/groupebennaniinvest.ma\/\",\"logo\":{\"@type\":\"ImageObject\",\"inLanguage\":\"fr-FR\",\"@id\":\"https:\/\/groupebennaniinvest.ma\/#\/schema\/logo\/image\/\",\"url\":\"https:\/\/groupebennaniinvest.ma\/wp-content\/uploads\/2024\/07\/cropped-logo-carre.jpg\",\"contentUrl\":\"https:\/\/groupebennaniinvest.ma\/wp-content\/uploads\/2024\/07\/cropped-logo-carre.jpg\",\"width\":1080,\"height\":1080,\"caption\":\"Groupe Bennani Invest\"},\"image\":{\"@id\":\"https:\/\/groupebennaniinvest.ma\/#\/schema\/logo\/image\/\"},\"sameAs\":[\"https:\/\/web.facebook.com\/\"]}]}<\/script>\n<!-- \/ Yoast SEO Premium plugin. -->","yoast_head_json":{"title":"Bouznika Bay - GBI","robots":{"index":"index","follow":"follow","max-snippet":"max-snippet:-1","max-image-preview":"max-image-preview:large","max-video-preview":"max-video-preview:-1"},"canonical":"http:\/\/groupebennaniinvest.ma\/index.php\/bouznika-bay\/","og_locale":"fr_FR","og_type":"article","og_title":"Bouznika Bay","og_description":"Bouznika bay Bouznika bay D\u00e9couvrez Bouznika Bay, une destination d&#8217;exception nich\u00e9e entre terre et mer, o\u00f9 s&#8217;\u00e9panouissent deux projets d&#8217;exception : les Hameaux du Golf et Bouznika Country Club. Id\u00e9alement situ\u00e9s en face du prestigieux golf et \u00e0 seulement 5 minutes des plages de Bouznika, ces r\u00e9sidences vous offrent un cadre de vie privil\u00e9gi\u00e9 au c\u0153ur d&#8217;un environnement naturel pr\u00e9serv\u00e9.","og_url":"http:\/\/groupebennaniinvest.ma\/index.php\/bouznika-bay\/","og_site_name":"GBI","article_publisher":"https:\/\/web.facebook.com\/","article_modified_time":"2023-07-26T16:57:07+00:00","og_image":[{"url":"http:\/\/groupebennaniinvest.ma\/wp-content\/uploads\/2023\/07\/bouznika-bay.png","type":"","width":"","height":""}],"twitter_card":"summary_large_image","schema":{"@context":"https:\/\/schema.org","@graph":[{"@type":"WebPage","@id":"http:\/\/groupebennaniinvest.ma\/index.php\/bouznika-bay\/","url":"http:\/\/groupebennaniinvest.ma\/index.php\/bouznika-bay\/","name":"Bouznika Bay - GBI","isPartOf":{"@id":"https:\/\/groupebennaniinvest.ma\/#website"},"primaryImageOfPage":{"@id":"http:\/\/groupebennaniinvest.ma\/index.php\/bouznika-bay\/#primaryimage"},"image":{"@id":"http:\/\/groupebennaniinvest.ma\/index.php\/bouznika-bay\/#primaryimage"},"thumbnailUrl":"http:\/\/groupebennaniinvest.ma\/wp-content\/uploads\/2023\/07\/bouznika-bay.png","datePublished":"2023-07-19T13:45:53+00:00","dateModified":"2023-07-26T16:57:07+00:00","breadcrumb":{"@id":"http:\/\/groupebennaniinvest.ma\/index.php\/bouznika-bay\/#breadcrumb"},"inLanguage":"fr-FR","potentialAction":[{"@type":"ReadAction","target":["http:\/\/groupebennaniinvest.ma\/index.php\/bouznika-bay\/"]}]},{"@type":"ImageObject","inLanguage":"fr-FR","@id":"http:\/\/groupebennaniinvest.ma\/index.php\/bouznika-bay\/#primaryimage","url":"https:\/\/groupebennaniinvest.ma\/wp-content\/uploads\/2023\/07\/bouznika-bay.png","contentUrl":"https:\/\/groupebennaniinvest.ma\/wp-content\/uploads\/2023\/07\/bouznika-bay.png","width":1000,"height":1000},{"@type":"BreadcrumbList","@id":"http:\/\/groupebennaniinvest.ma\/index.php\/bouznika-bay\/#breadcrumb","itemListElement":[{"@type":"ListItem","position":1,"name":"Accueil","item":"https:\/\/groupebennaniinvest.ma\/"},{"@type":"ListItem","position":2,"name":"Bouznika Bay"}]},{"@type":"WebSite","@id":"https:\/\/groupebennaniinvest.ma\/#website","url":"https:\/\/groupebennaniinvest.ma\/","name":"Groupe Bennani Invest","description":"","publisher":{"@id":"https:\/\/groupebennaniinvest.ma\/#organization"},"potentialAction":[{"@type":"SearchAction","target":{"@type":"EntryPoint","urlTemplate":"https:\/\/groupebennaniinvest.ma\/?s={search_term_string}"},"query-input":{"@type":"PropertyValueSpecification","valueRequired":true,"valueName":"search_term_string"}}],"inLanguage":"fr-FR"},{"@type":"Organization","@id":"https:\/\/groupebennaniinvest.ma\/#organization","name":"Groupe Bennani Invest","url":"https:\/\/groupebennaniinvest.ma\/","logo":{"@type":"ImageObject","inLanguage":"fr-FR","@id":"https:\/\/groupebennaniinvest.ma\/#\/schema\/logo\/image\/","url":"https:\/\/groupebennaniinvest.ma\/wp-content\/uploads\/2024\/07\/cropped-logo-carre.jpg","contentUrl":"https:\/\/groupebennaniinvest.ma\/wp-content\/uploads\/2024\/07\/cropped-logo-carre.jpg","width":1080,"height":1080,"caption":"Groupe Bennani Invest"},"image":{"@id":"https:\/\/groupebennaniinvest.ma\/#\/schema\/logo\/image\/"},"sameAs":["https:\/\/web.facebook.com\/"]}]}},"uagb_featured_image_src":{"full":false,"thumbnail":false,"medium":false,"medium_large":false,"large":false,"1536x1536":false,"2048x2048":false,"post-thumbnail":false},"uagb_author_info":{"display_name":"Groupe Bennani invest","author_link":"https:\/\/groupebennaniinvest.ma\/index.php\/author\/groupe-bennani-invest\/"},"uagb_comment_info":0,"uagb_excerpt":"Bouznika bay Bouznika bay D\u00e9couvrez Bouznika Bay, une destination d&#8217;exception nich\u00e9e entre terre et mer, o\u00f9 s&#8217;\u00e9panouissent deux projets d&#8217;exception : les Hameaux du Golf et Bouznika Country Club. Id\u00e9alement situ\u00e9s en face du prestigieux golf et \u00e0 seulement 5 minutes des plages de Bouznika, ces r\u00e9sidences vous offrent un cadre de vie privil\u00e9gi\u00e9 au\u2026","_links":{"self":[{"href":"https:\/\/groupebennaniinvest.ma\/index.php\/wp-json\/wp\/v2\/pages\/588","targetHints":{"allow":["GET"]}}],"collection":[{"href":"https:\/\/groupebennaniinvest.ma\/index.php\/wp-json\/wp\/v2\/pages"}],"about":[{"href":"https:\/\/groupebennaniinvest.ma\/index.php\/wp-json\/wp\/v2\/types\/page"}],"author":[{"embeddable":true,"href":"https:\/\/groupebennaniinvest.ma\/index.php\/wp-json\/wp\/v2\/users\/1"}],"replies":[{"embeddable":true,"href":"https:\/\/groupebennaniinvest.ma\/index.php\/wp-json\/wp\/v2\/comments?post=588"}],"version-history":[{"count":52,"href":"https:\/\/groupebennaniinvest.ma\/index.php\/wp-json\/wp\/v2\/pages\/588\/revisions"}],"predecessor-version":[{"id":1429,"href":"https:\/\/groupebennaniinvest.ma\/index.php\/wp-json\/wp\/v2\/pages\/588\/revisions\/1429"}],"wp:attachment":[{"href":"https:\/\/groupebennaniinvest.ma\/index.php\/wp-json\/wp\/v2\/media?parent=588"}],"curies":[{"name":"wp","href":"https:\/\/api.w.org\/{rel}","templated":true}]}}